{"id":98,"date":"2021-08-28T10:48:17","date_gmt":"2021-08-28T08:48:17","guid":{"rendered":"https:\/\/sebbie47.synology.me\/wordpress\/?page_id=98"},"modified":"2021-09-16T08:21:03","modified_gmt":"2021-09-16T08:21:03","slug":"aides","status":"publish","type":"page","link":"https:\/\/numeriquepourtous.fr\/?page_id=98","title":{"rendered":"Aides"},"content":{"rendered":"\n<div class=\"su-tabs su-tabs-style-default su-tabs-mobile-stack\" data-active=\"1\" data-scroll-offset=\"0\" data-anchor-in-url=\"no\"><div class=\"su-tabs-nav\"><span class=\"\" data-anchor=\"pass\" data-url=\"\" data-target=\"blank\" tabindex=\"0\" role=\"button\">Le Pass Num\u00e9rique<\/span><span class=\"\" data-anchor=\"creditimpots\" data-url=\"\" data-target=\"blank\" tabindex=\"0\" role=\"button\">Le cr\u00e9dit d'imp\u00f4ts<\/span><\/div><div class=\"su-tabs-panes\"><div class=\"su-tabs-pane su-u-clearfix su-u-trim\" data-title=\"Le Pass Num\u00e9rique\">\n\n\n\n<p>C\u2019est le pass qui rapproche le citoyen du num\u00e9rique.&nbsp; Con\u00e7u sur le mod\u00e8le des titres-restaurant, il permet de payer totalement ou partiellement des services de m\u00e9diation num\u00e9rique. #APTIC rapproche les citoyens les plus \u00e9loign\u00e9s du num\u00e9rique des lieux qualifi\u00e9s.<\/p>\n\n\n\n<p>Propos\u00e9 par le <a href=\"https:\/\/www.haute-garonne.fr\/aide\/le-pass-numerique\" target=\"_blank\" rel=\"noreferrer noopener\">Conseil D\u00e9partemental de Haute-Garonne<\/a>, il se pr\u00e9sente sous forme d&#8217;un ch\u00e9quier avec 10 ch\u00e8ques d&#8217;une valeur de 10\u20ac chacun, soit une valeur totale de 100\u20ac.<\/p>\n\n\n\n<blockquote class=\"wp-block-quote\"><p>Tout le monde peut en b\u00e9n\u00e9ficier, sans conditions de ressources.<\/p><\/blockquote>\n\n\n\n<div class=\"wp-block-media-text alignwide is-stacked-on-mobile\" style=\"grid-template-columns:42% auto\"><figure class=\"wp-block-media-text__media\"><img loading=\"lazy\" width=\"656\" height=\"347\" src=\"https:\/\/numeriquepourtous.fr\/wp-content\/uploads\/2021\/09\/image.png\" alt=\"\" class=\"wp-image-222 size-full\" srcset=\"https:\/\/numeriquepourtous.fr\/wp-content\/uploads\/2021\/09\/image.png 656w, https:\/\/numeriquepourtous.fr\/wp-content\/uploads\/2021\/09\/image-300x159.png 300w\" sizes=\"(max-width: 656px) 100vw, 656px\" \/><\/figure><div class=\"wp-block-media-text__content\">\n<p>Rendez-vous dans un des sites suivants du Conseil d\u00e9partemental, pour faire votre demande : <\/p>\n\n\n\n<ul><li><a href=\"https:\/\/www.haute-garonne.fr\/service\/les-maisons-des-solidarites-mds\">Maisons des Solidarit\u00e9s<\/a><\/li><li><a href=\"https:\/\/www.haute-garonne.fr\/service\/les-maisons-departementale-de-proximite-mdp\">Maisons D\u00e9partementales de Proximit\u00e9<\/a><\/li><li><a href=\"https:\/\/www.haute-garonne.fr\/fiche-contact\/maison-departementale-des-personnes-handicapees-mdph31\">Maison D\u00e9partementale des Personnes Handicap\u00e9es (MDPH)<\/a><\/li><\/ul>\n\n\n\n<p>Vous recevrez ensuite, gratuitement et directement par courrier, votre PASS NUMERIQUE.<\/p>\n<\/div><\/div>\n\n\n\n<p><\/p>\n\n\n\n<\/div>\n<div class=\"su-tabs-pane su-u-clearfix su-u-trim\" data-title=\"Le cr\u00e9dit d&#039;imp\u00f4ts\">\n\n\n\n<blockquote class=\"wp-block-quote\"><p>Tout particulier ayant recours \u00e0 des services \u00e0 la personne \u00e0 son domicile b\u00e9n\u00e9ficie d&#8217;une r\u00e9duction d&#8217;imp\u00f4t sur le revenu \u00e9gale \u00e0 50% des sommes engag\u00e9es <\/p><\/blockquote>\n\n\n\n<p><\/p>\n\n\n\n<div class=\"wp-block-media-text alignwide is-stacked-on-mobile\" style=\"grid-template-columns:15% auto\"><figure class=\"wp-block-media-text__media\"><img loading=\"lazy\" width=\"300\" height=\"300\" src=\"https:\/\/numeriquepourtous.fr\/wp-content\/uploads\/2021\/09\/credit-impots.png\" alt=\"\" class=\"wp-image-187 size-full\" srcset=\"https:\/\/numeriquepourtous.fr\/wp-content\/uploads\/2021\/09\/credit-impots.png 300w, https:\/\/numeriquepourtous.fr\/wp-content\/uploads\/2021\/09\/credit-impots-150x150.png 150w\" sizes=\"(max-width: 300px) 100vw, 300px\" \/><\/figure><div class=\"wp-block-media-text__content\">\n<p>Pour l&#8217;assistance informatique et Internet \u00e0 domicile, le plafond est de 3000\u20ac par an et par foyer (soit 1500\u20ac de r\u00e9duction d&#8217;imp\u00f4ts).<\/p>\n\n\n\n<p>Pour b\u00e9n\u00e9ficier de cet avantage fiscal (r\u00e9duction d&#8217;imp\u00f4t ou cr\u00e9dit d&#8217;imp\u00f4t), il vous suffit d&#8217;inscrire dans la d\u00e9claration de revenus les sommes d\u00e9pens\u00e9es et de joindre l&#8217;attestation annuelle que je vous d\u00e9livrerai.<\/p>\n\n\n\n<p><a href=\"https:\/\/www.impots.gouv.fr\/portail\/particulier\/emploi-domicile\">https:\/\/www.impots.gouv.fr\/portail\/particulier\/emploi-domicile<\/a><\/p>\n<\/div><\/div>\n\n\n\n<\/div><\/div><\/div>\n","protected":false},"excerpt":{"rendered":"","protected":false},"author":1,"featured_media":0,"parent":0,"menu_order":0,"comment_status":"closed","ping_status":"closed","template":"","meta":[],"_links":{"self":[{"href":"https:\/\/numeriquepourtous.fr\/index.php?rest_route=\/wp\/v2\/pages\/98"}],"collection":[{"href":"https:\/\/numeriquepourtous.fr\/index.php?rest_route=\/wp\/v2\/pages"}],"about":[{"href":"https:\/\/numeriquepourtous.fr\/index.php?rest_route=\/wp\/v2\/types\/page"}],"author":[{"embeddable":true,"href":"https:\/\/numeriquepourtous.fr\/index.php?rest_route=\/wp\/v2\/users\/1"}],"replies":[{"embeddable":true,"href":"https:\/\/numeriquepourtous.fr\/index.php?rest_route=%2Fwp%2Fv2%2Fcomments&post=98"}],"version-history":[{"count":4,"href":"https:\/\/numeriquepourtous.fr\/index.php?rest_route=\/wp\/v2\/pages\/98\/revisions"}],"predecessor-version":[{"id":338,"href":"https:\/\/numeriquepourtous.fr\/index.php?rest_route=\/wp\/v2\/pages\/98\/revisions\/338"}],"wp:attachment":[{"href":"https:\/\/numeriquepourtous.fr\/index.php?rest_route=%2Fwp%2Fv2%2Fmedia&parent=98"}],"curies":[{"name":"wp","href":"https:\/\/api.w.org\/{rel}","templated":true}]}}