{"id":66,"date":"2021-08-28T01:06:57","date_gmt":"2021-08-27T23:06:57","guid":{"rendered":"http:\/\/sebbie47.synology.me\/wordpress\/?page_id=66"},"modified":"2021-09-16T08:42:02","modified_gmt":"2021-09-16T08:42:02","slug":"tarifs","status":"publish","type":"page","link":"https:\/\/numeriquepourtous.fr\/?page_id=66","title":{"rendered":"Tarifs"},"content":{"rendered":"\n<div class=\"su-tabs su-tabs-style-default su-tabs-mobile-stack\" data-active=\"1\" data-scroll-offset=\"0\" data-anchor-in-url=\"no\"><div class=\"su-tabs-nav\"><span class=\"\" data-anchor=\"cours\" data-url=\"\" data-target=\"blank\" tabindex=\"0\" role=\"button\">Cours informatique ou assistance \u00e0 domicile<\/span><span class=\"\" data-anchor=\"ateliers\" data-url=\"\" data-target=\"blank\" tabindex=\"0\" role=\"button\">Ateliers<\/span><span class=\"\" data-anchor=\"site\" data-url=\"\" data-target=\"blank\" tabindex=\"0\" role=\"button\">Sites Web<\/span><\/div><div class=\"su-tabs-panes\"><div class=\"su-tabs-pane su-u-clearfix su-u-trim\" data-title=\"Cours informatique ou assistance \u00e0 domicile\">\n\n\n\n<figure class=\"wp-block-table\"><table><tbody><tr><td><strong>Prestation r\u00e9alis\u00e9e :<\/strong><\/td><td><strong>&nbsp;Tarif<\/strong><\/td><td> <strong>Tarif\u00a0apr\u00e8s d\u00e9duction fiscale<\/strong>*<\/td><\/tr><tr><td>&nbsp;1h de cours individuel, tous niveaux<\/td><td>&nbsp;40 \u20ac<\/td><td> <strong>20 \u20ac<\/strong><\/td><\/tr><tr><td>&nbsp;Pack de 3h de cours<\/td><td>&nbsp;110 \u20ac<\/td><td><strong>&nbsp;55 \u20ac<\/strong><\/td><\/tr><tr><td>&nbsp;Pack de 5h de cours<\/td><td>&nbsp;180 \u20ac<\/td><td>&nbsp;<strong>90 \u20ac<\/strong><\/td><\/tr><\/tbody><\/table><\/figure>\n\n\n\n<p>* Tout particulier ayant recours \u00e0 des services \u00e0 la personne \u00e0 son domicile b\u00e9n\u00e9ficie d&#8217;une r\u00e9duction d&#8217;imp\u00f4t sur le revenu \u00e9gale \u00e0 50% des sommes engag\u00e9es : <a href=\"https:\/\/numeriquepourtous.fr\/?page_id=98#creditimpots\">plus d&#8217;informations ici<\/a>.<\/p>\n\n\n\n<h4>Moyens de paiement<\/h4>\n\n\n\n<p>J&#8217;accepte les ch\u00e8ques, esp\u00e8ces, les ch\u00e8ques du <a href=\"https:\/\/numeriquepourtous.fr\/?page_id=98#pass\">Pass Num\u00e9rique<\/a> et les ch\u00e8ques Emploi Services Universels (pour ce dernier, les frais de gestion restent \u00e0 votre charge).<\/p>\n\n\n\n<figure class=\"wp-block-image size-large\"><img loading=\"lazy\" width=\"1024\" height=\"193\" src=\"https:\/\/numeriquepourtous.fr\/wp-content\/uploads\/2021\/09\/paiemnt-1024x193.png\" alt=\"\" class=\"wp-image-354\" srcset=\"https:\/\/numeriquepourtous.fr\/wp-content\/uploads\/2021\/09\/paiemnt-1024x193.png 1024w, https:\/\/numeriquepourtous.fr\/wp-content\/uploads\/2021\/09\/paiemnt-300x57.png 300w, https:\/\/numeriquepourtous.fr\/wp-content\/uploads\/2021\/09\/paiemnt-768x145.png 768w, https:\/\/numeriquepourtous.fr\/wp-content\/uploads\/2021\/09\/paiemnt-1536x290.png 1536w, https:\/\/numeriquepourtous.fr\/wp-content\/uploads\/2021\/09\/paiemnt.png 1551w\" sizes=\"(max-width: 1024px) 100vw, 1024px\" \/><\/figure>\n\n\n\n<h4><strong><strong>Un prix sans surprises<\/strong><\/strong><\/h4>\n\n\n\n<ul id=\"block-852deba9-8ccb-4ada-9d83-d982ce8a794c\"><li>Minimum de facturation : 1 heure puis tarification au quart d&#8217;heure.<\/li><li>Les frais de d\u00e9placement sont inclus jusqu&#8217;\u00e0 20 km (voire plus si plusieurs heures cons\u00e9cutives). Au del\u00e0, un forfait de 15\u20ac sera demand\u00e9.<\/li><li>Aucun frais de dossier ou de gestion (sauf paiement en Ch\u00e8ques Emploi Services Universels)<\/li><li>Aucun frais d&#8217;abonnement<\/li><li>Aucun engagement de dur\u00e9e<\/li><\/ul>\n\n\n\n<\/div>\n<div class=\"su-tabs-pane su-u-clearfix su-u-trim\" data-title=\"Ateliers\">\n\n\n\n<h4>Ateliers<\/h4>\n\n\n\n<div class=\"wp-block-columns\">\n<div class=\"wp-block-column\">\n<ul><li>Ecoles, EHPAD, centres sociaux, centres sp\u00e9cialis\u00e9s<\/li><\/ul>\n\n\n\n<p>Interventions adapt\u00e9es \u00e0 chaque public pour des cours d&#8217;informatique, \u00e9ducation aux m\u00e9dias, r\u00e9seaux sociaux ou musique assist\u00e9e par ordinateur<\/p>\n\n\n\n<ul><li>Mairies \/ institutions<\/li><\/ul>\n\n\n\n<p>Permanences en Mairie ou institutions pour proposer des cours d&#8217;informatique ou r\u00e9parations aux citoyens, en cr\u00e9ant un point de rencontre convivial<\/p>\n\n\n\n<p><strong>Me contacter pour plus d&#8217;informations<\/strong><\/p>\n<\/div>\n<\/div>\n\n\n\n<\/div>\n<div class=\"su-tabs-pane su-u-clearfix su-u-trim\" data-title=\"Sites Web\"><strong>Me contacter pour plus d&#8217;informations<\/strong><\/div><\/div><\/div>\n","protected":false},"excerpt":{"rendered":"","protected":false},"author":1,"featured_media":0,"parent":0,"menu_order":0,"comment_status":"closed","ping_status":"closed","template":"","meta":[],"_links":{"self":[{"href":"https:\/\/numeriquepourtous.fr\/index.php?rest_route=\/wp\/v2\/pages\/66"}],"collection":[{"href":"https:\/\/numeriquepourtous.fr\/index.php?rest_route=\/wp\/v2\/pages"}],"about":[{"href":"https:\/\/numeriquepourtous.fr\/index.php?rest_route=\/wp\/v2\/types\/page"}],"author":[{"embeddable":true,"href":"https:\/\/numeriquepourtous.fr\/index.php?rest_route=\/wp\/v2\/users\/1"}],"replies":[{"embeddable":true,"href":"https:\/\/numeriquepourtous.fr\/index.php?rest_route=%2Fwp%2Fv2%2Fcomments&post=66"}],"version-history":[{"count":10,"href":"https:\/\/numeriquepourtous.fr\/index.php?rest_route=\/wp\/v2\/pages\/66\/revisions"}],"predecessor-version":[{"id":358,"href":"https:\/\/numeriquepourtous.fr\/index.php?rest_route=\/wp\/v2\/pages\/66\/revisions\/358"}],"wp:attachment":[{"href":"https:\/\/numeriquepourtous.fr\/index.php?rest_route=%2Fwp%2Fv2%2Fmedia&parent=66"}],"curies":[{"name":"wp","href":"https:\/\/api.w.org\/{rel}","templated":true}]}}