{"id":17,"date":"2021-08-27T23:31:31","date_gmt":"2021-08-27T21:31:31","guid":{"rendered":"http:\/\/sebbie47.synology.me\/wordpress\/?page_id=14"},"modified":"2021-09-17T14:40:05","modified_gmt":"2021-09-17T14:40:05","slug":"projet","status":"publish","type":"page","link":"https:\/\/numeriquepourtous.fr\/?page_id=17","title":{"rendered":"Le projet"},"content":{"rendered":"\n<figure class=\"wp-block-pullquote\"><blockquote><p>Rendre le num\u00e9rique accessible, s\u00fbr et convivial au plus grand nombre<\/p><\/blockquote><\/figure>\n\n\n\n<p><strong>Bonjour et bienvenue sur mon site web !<\/strong><\/p>\n\n\n\n<div class=\"wp-block-media-text alignwide has-media-on-the-right is-stacked-on-mobile has-background\" style=\"background-color:#eff6fb;grid-template-columns:auto 15%\"><figure class=\"wp-block-media-text__media\"><img loading=\"lazy\" width=\"457\" height=\"572\" src=\"https:\/\/numeriquepourtous.fr\/wp-content\/uploads\/2021\/09\/MicrosoftTeams-image.jpg\" alt=\"\" class=\"wp-image-182 size-full\" srcset=\"https:\/\/numeriquepourtous.fr\/wp-content\/uploads\/2021\/09\/MicrosoftTeams-image.jpg 457w, https:\/\/numeriquepourtous.fr\/wp-content\/uploads\/2021\/09\/MicrosoftTeams-image-240x300.jpg 240w\" sizes=\"(max-width: 457px) 100vw, 457px\" \/><\/figure><div class=\"wp-block-media-text__content\">\n<p class=\"has-normal-font-size\">Actuellement ing\u00e9nieur dans une PME li\u00e9e aux nouvelles technologies et objets connect\u00e9s (Sigfox), j\u2019aimerais d\u00e9sormais transmettre mes connaissances \u00e0 un public plus large, en incorporant une&nbsp;<strong>dimension sociale et citoyenne qui me sont ch\u00e8res<\/strong>.<\/p>\n<\/div><\/div>\n\n\n\n<p><\/p>\n\n\n\n<p>Je souhaite rendre l\u2019outil num\u00e9rique accessible, s\u00fbr et convivial au plus grand nombre, \u00e0 travers les d\u00e9marches suivantes&nbsp;:<\/p>\n\n\n\n<ul><li><strong>P\u00e9dagogie et vulgarisation<\/strong>&nbsp;adapt\u00e9es \u00e0 tous les publics<\/li><li>Durabilit\u00e9 et&nbsp;<strong>\u00e9co-responsabilit\u00e9<\/strong>&nbsp;en privil\u00e9giant les r\u00e9parations et l\u2019occasion quand cela est possible<\/li><li>Education aux m\u00e9dias et aux r\u00e9seaux sociaux pour&nbsp;<strong>maitriser sa vie priv\u00e9e<\/strong>&nbsp;et mieux s\u2019informer<\/li><li>Alternatives aux g\u00e9ants du num\u00e9rique pour se r\u00e9approprier ses donn\u00e9es,&nbsp;<strong>favoriser des acteurs plus responsables<\/strong>, moins intrusifs<\/li><\/ul>\n\n\n\n<div class=\"wp-block-media-text alignwide is-stacked-on-mobile\" style=\"grid-template-columns:43% auto\"><figure class=\"wp-block-media-text__media\"><img loading=\"lazy\" width=\"1024\" height=\"639\" src=\"https:\/\/numeriquepourtous.fr\/wp-content\/uploads\/2021\/09\/depannage-informatique-reparation-ordinateur2-1024x639.png\" alt=\"\" class=\"wp-image-181 size-full\" srcset=\"https:\/\/numeriquepourtous.fr\/wp-content\/uploads\/2021\/09\/depannage-informatique-reparation-ordinateur2-1024x639.png 1024w, https:\/\/numeriquepourtous.fr\/wp-content\/uploads\/2021\/09\/depannage-informatique-reparation-ordinateur2-300x187.png 300w, https:\/\/numeriquepourtous.fr\/wp-content\/uploads\/2021\/09\/depannage-informatique-reparation-ordinateur2-768x479.png 768w, https:\/\/numeriquepourtous.fr\/wp-content\/uploads\/2021\/09\/depannage-informatique-reparation-ordinateur2.png 1307w\" sizes=\"(max-width: 1024px) 100vw, 1024px\" \/><\/figure><div class=\"wp-block-media-text__content\">\n<p>Ainsi, je propose des cours et de l&#8217;assistance informatique \u00e0 domicile pour les particuliers. Je travaille sur tous supports (PC, Tablette, Smartphone, Hi-Fi, TV, Box Internet&#8230;).<\/p>\n\n\n\n<p>Quel que soit votre niveau, \u00e2ge, r\u00e9ticente, <strong>je me d\u00e9place pour vous former aux diff\u00e9rents outils num\u00e9riques<\/strong>.<\/p>\n<\/div><\/div>\n\n\n\n<p>Je propose \u00e9galement des ateliers \u00e0 destination d\u2019un public n\u00e9ophyte et interm\u00e9diaire afin de r\u00e9duire la fracture num\u00e9rique<strong>. J\u2019interviens dans tout type de structures&nbsp;: Mairies, \u00e9coles, EHPAD, centres sociaux, centres sp\u00e9cialis\u00e9s<\/strong> avec les ateliers suivants :<\/p>\n\n\n\n<div class=\"wp-block-media-text alignwide is-stacked-on-mobile\"><figure class=\"wp-block-media-text__media\"><img loading=\"lazy\" width=\"307\" height=\"172\" src=\"https:\/\/numeriquepourtous.fr\/wp-content\/uploads\/2021\/09\/Image1.jpg\" alt=\"\" class=\"wp-image-360 size-full\" srcset=\"https:\/\/numeriquepourtous.fr\/wp-content\/uploads\/2021\/09\/Image1.jpg 307w, https:\/\/numeriquepourtous.fr\/wp-content\/uploads\/2021\/09\/Image1-300x168.jpg 300w\" sizes=\"(max-width: 307px) 100vw, 307px\" \/><\/figure><div class=\"wp-block-media-text__content\">\n<ul><li>Initiation au num\u00e9rique<\/li><li>Education aux m\u00e9dias et aux r\u00e9seaux sociaux\u00a0&#8211; Eco-citoyennet\u00e9<\/li><li>Musique assist\u00e9e par ordinateur<\/li><\/ul>\n<\/div><\/div>\n\n\n\n<p><\/p>\n","protected":false},"excerpt":{"rendered":"<p>Rendre le num\u00e9rique accessible, s\u00fbr et convivial au plus grand nombre Bonjour et bienvenue sur mon site web ! Actuellement ing\u00e9nieur dans une PME li\u00e9e aux nouvelles technologies et objets connect\u00e9s (Sigfox), j\u2019aimerais d\u00e9sormais transmettre mes connaissances \u00e0 un public plus large, en incorporant une&nbsp;dimension sociale et citoyenne qui me sont ch\u00e8res. Je souhaite rendre [&hellip;]<\/p>\n","protected":false},"author":1,"featured_media":0,"parent":0,"menu_order":0,"comment_status":"closed","ping_status":"closed","template":"","meta":[],"_links":{"self":[{"href":"https:\/\/numeriquepourtous.fr\/index.php?rest_route=\/wp\/v2\/pages\/17"}],"collection":[{"href":"https:\/\/numeriquepourtous.fr\/index.php?rest_route=\/wp\/v2\/pages"}],"about":[{"href":"https:\/\/numeriquepourtous.fr\/index.php?rest_route=\/wp\/v2\/types\/page"}],"author":[{"embeddable":true,"href":"https:\/\/numeriquepourtous.fr\/index.php?rest_route=\/wp\/v2\/users\/1"}],"replies":[{"embeddable":true,"href":"https:\/\/numeriquepourtous.fr\/index.php?rest_route=%2Fwp%2Fv2%2Fcomments&post=17"}],"version-history":[{"count":7,"href":"https:\/\/numeriquepourtous.fr\/index.php?rest_route=\/wp\/v2\/pages\/17\/revisions"}],"predecessor-version":[{"id":363,"href":"https:\/\/numeriquepourtous.fr\/index.php?rest_route=\/wp\/v2\/pages\/17\/revisions\/363"}],"wp:attachment":[{"href":"https:\/\/numeriquepourtous.fr\/index.php?rest_route=%2Fwp%2Fv2%2Fmedia&parent=17"}],"curies":[{"name":"wp","href":"https:\/\/api.w.org\/{rel}","templated":true}]}}