{"id":104,"date":"2021-08-28T10:51:58","date_gmt":"2021-08-28T08:51:58","guid":{"rendered":"http:\/\/sebbie47.synology.me\/wordpress\/?page_id=104"},"modified":"2021-09-16T08:23:05","modified_gmt":"2021-09-16T08:23:05","slug":"prestations","status":"publish","type":"page","link":"https:\/\/numeriquepourtous.fr\/?page_id=104","title":{"rendered":"Prestations"},"content":{"rendered":"\n<p>Ces prestations sont destin\u00e9es aux particuliers sous forme d&#8217;assistance ou de cours individuels \u00e0 domicile, mais aussi aux structures sous forme d&#8217;ateliers ou de permanences (Mairies, \u00e9coles, EHPAD, centres sociaux, centres sp\u00e9cialis\u00e9s&#8230;) :<\/p>\n\n\n\n<div class=\"su-tabs su-tabs-style-default su-tabs-mobile-stack\" data-active=\"1\" data-scroll-offset=\"0\" data-anchor-in-url=\"no\"><div class=\"su-tabs-nav\"><span class=\"\" data-anchor=\"cours\" data-url=\"\" data-target=\"blank\" tabindex=\"0\" role=\"button\">Cours d\u2019informatique pour d\u00e9butants<\/span><span class=\"\" data-anchor=\"cours2\" data-url=\"\" data-target=\"blank\" tabindex=\"0\" role=\"button\">Cours d\u2019informatique avanc\u00e9<\/span><span class=\"\" data-anchor=\"repar\" data-url=\"\" data-target=\"blank\" tabindex=\"0\" role=\"button\">R\u00e9paration et conseil \u00e0 l\u2019achat<\/span><span class=\"\" data-anchor=\"media\" data-url=\"\" data-target=\"blank\" tabindex=\"0\" role=\"button\">Eco-citoyennet\u00e9 num\u00e9rique - r\u00e9seaux sociaux<\/span><span class=\"\" data-anchor=\"site\" data-url=\"\" data-target=\"blank\" tabindex=\"0\" role=\"button\">Cr\u00e9ation de sites Web<\/span><span class=\"\" data-anchor=\"music\" data-url=\"\" data-target=\"blank\" tabindex=\"0\" role=\"button\">Informatique musicale<\/span><\/div><div class=\"su-tabs-panes\"><div class=\"su-tabs-pane su-u-clearfix su-u-trim\" data-title=\"Cours d\u2019informatique pour d\u00e9butants\">\n\n\n\n<ul id=\"block-45b5b2b5-dd54-4623-8671-2a1aa087ade4\"><li>Connaitre son ordinateur \/ t\u00e9l\u00e9phone \/ tablette et les principaux composants<\/li><li>Naviguer sur internet<\/li><li>Prot\u00e9ger son ordinateur (antivirus\u2026)<\/li><li>Imprimer un document, envoyer des emails<\/li><li>Vid\u00e9oconf\u00e9rence, utilisation d\u2019une webcam et micro<\/li><li>Installer des applications sur son ordinateur ou son smartphone<\/li><li>Faire ses achats en ligne de fa\u00e7on s\u00e9curis\u00e9e<\/li><li>Sensibilisation aux arnaques sur internet, bonnes et mauvaises pratiques<\/li><li>Logiciels de bureautique&nbsp;: Office, Excel, Word\u2026<\/li><li>R\u00e9diger un CV<\/li><li>Anonymat, RGPD, CNIL, Bloctel, listes rouges<\/li><li>R\u00e9aliser des d\u00e9marches administratives en ligne<\/li><\/ul>\n\n\n\n<figure class=\"wp-block-image size-large is-resized\"><img loading=\"lazy\" src=\"https:\/\/numeriquepourtous.fr\/wp-content\/uploads\/2021\/09\/demarches-administratives-1024x576.jpg\" alt=\"\" class=\"wp-image-331\" width=\"505\" height=\"283\" srcset=\"https:\/\/numeriquepourtous.fr\/wp-content\/uploads\/2021\/09\/demarches-administratives-1024x576.jpg 1024w, https:\/\/numeriquepourtous.fr\/wp-content\/uploads\/2021\/09\/demarches-administratives-300x169.jpg 300w, https:\/\/numeriquepourtous.fr\/wp-content\/uploads\/2021\/09\/demarches-administratives-768x432.jpg 768w, https:\/\/numeriquepourtous.fr\/wp-content\/uploads\/2021\/09\/demarches-administratives.jpg 1280w\" sizes=\"(max-width: 505px) 100vw, 505px\" \/><\/figure>\n\n\n\n<\/div>\n<div class=\"su-tabs-pane su-u-clearfix su-u-trim\" data-title=\"Cours d\u2019informatique avanc\u00e9\">\n\n\n\n<ul id=\"block-f4d5a85b-172d-42c2-8ddf-fba1172d8593\"><li>G\u00e9rer sa propre solution de stockage (mail, photos, documents)<\/li><li>Solutions de sauvegarde de donn\u00e9es (backup en ligne, en local\u2026)<\/li><li>Bien g\u00e9rer ses mots de passe<\/li><li>Naviguer de mani\u00e8re anonyme et s\u00e9curis\u00e9e (VPN, HTTPS, chiffrage)<\/li><li>G\u00e9rer des permissions sur smartphone, acc\u00e8s aux donn\u00e9es priv\u00e9es<\/li><li>Conseil au montage photo, vid\u00e9o, audio<\/li><li>Initiation \u00e0 Linux (Syst\u00e8me d\u2019exploitation gratuit)<\/li><\/ul>\n\n\n\n<figure class=\"wp-block-image size-large is-resized\"><img loading=\"lazy\" src=\"https:\/\/numeriquepourtous.fr\/wp-content\/uploads\/2021\/09\/slide-5-1024x683.jpg\" alt=\"\" class=\"wp-image-336\" width=\"357\" height=\"238\" srcset=\"https:\/\/numeriquepourtous.fr\/wp-content\/uploads\/2021\/09\/slide-5-1024x683.jpg 1024w, https:\/\/numeriquepourtous.fr\/wp-content\/uploads\/2021\/09\/slide-5-300x200.jpg 300w, https:\/\/numeriquepourtous.fr\/wp-content\/uploads\/2021\/09\/slide-5-768x512.jpg 768w, https:\/\/numeriquepourtous.fr\/wp-content\/uploads\/2021\/09\/slide-5-1536x1024.jpg 1536w, https:\/\/numeriquepourtous.fr\/wp-content\/uploads\/2021\/09\/slide-5.jpg 1920w\" sizes=\"(max-width: 357px) 100vw, 357px\" \/><\/figure>\n\n\n\n<\/div>\n<div class=\"su-tabs-pane su-u-clearfix su-u-trim\" data-title=\"R\u00e9paration et conseil \u00e0 l\u2019achat\">\n\n\n\n<ul id=\"block-94b3d001-c1f8-4f9b-9e5a-05847a3a1838\"><li>Installation \/ d\u00e9pannage&nbsp;:&nbsp; Box internet, TV, Hi-fi,<\/li><li>R\u00e9paration d\u2019\u00e9quipement informatique<\/li><li>Conseil pour faire \u00e9voluer \/ acheter un ordinateur selon vos besoins et budget (neuf ou occasion)<\/li><li>Maitriser les composants d\u2019un ordinateur pour pouvoir r\u00e9parer soi-m\u00eame<\/li><li>Conseil pour trouver les meilleures offres Internet, mobile, abonnements divers, afin de r\u00e9duire les d\u00e9penses mensuelles<\/li><\/ul>\n\n\n\n<figure class=\"wp-block-image size-large is-resized\"><img loading=\"lazy\" src=\"https:\/\/numeriquepourtous.fr\/wp-content\/uploads\/2021\/09\/depannage_informatique_auto-entreprise-1024x683.jpg\" alt=\"\" class=\"wp-image-313\" width=\"323\" height=\"215\" srcset=\"https:\/\/numeriquepourtous.fr\/wp-content\/uploads\/2021\/09\/depannage_informatique_auto-entreprise-1024x683.jpg 1024w, https:\/\/numeriquepourtous.fr\/wp-content\/uploads\/2021\/09\/depannage_informatique_auto-entreprise-300x200.jpg 300w, https:\/\/numeriquepourtous.fr\/wp-content\/uploads\/2021\/09\/depannage_informatique_auto-entreprise-768x512.jpg 768w, https:\/\/numeriquepourtous.fr\/wp-content\/uploads\/2021\/09\/depannage_informatique_auto-entreprise.jpg 1254w\" sizes=\"(max-width: 323px) 100vw, 323px\" \/><figcaption>Man in workshop doing his day job. Working table full of different tools and items needed for repairing electrical circuits<\/figcaption><\/figure>\n\n\n\n<\/div>\n<div class=\"su-tabs-pane su-u-clearfix su-u-trim\" data-title=\"Eco-citoyennet\u00e9 num\u00e9rique - r\u00e9seaux sociaux\">\n\n\n\n<ul id=\"block-4e7446d1-f19b-41f1-89a2-fb919d5062b9\"><li>Education aux m\u00e9dias, \u00e0 l\u2019information et aux r\u00e9seaux sociaux<\/li><li>Fonctionnement de la presse, subventions, financement, vocations&#8230;&nbsp;<\/li><li>Maitriser ses donn\u00e9es et les contenus partag\u00e9s<\/li><li>Risques sur les r\u00e9seaux sociaux, harc\u00e8lement&#8230;<\/li><li>Contr\u00f4le parental en ligne, contr\u00f4le de l\u2019exposition aux \u00e9crans<\/li><li>Rep\u00e9rer les sources fiables, les fake news<\/li><li>Les g\u00e9ants du num\u00e9riques et leurs mod\u00e8les (GAFA&nbsp;: Google, Apple, Facebook, Amazon)<\/li><li>Alternatives possibles&nbsp;(Framasoft, Synology\u2026)<\/li><\/ul>\n\n\n\n<figure class=\"wp-block-image size-large is-resized\"><img loading=\"lazy\" src=\"https:\/\/numeriquepourtous.fr\/wp-content\/uploads\/2021\/09\/facebook_media-sociaux-1024x538.jpg\" alt=\"\" class=\"wp-image-314\" width=\"334\" height=\"175\" srcset=\"https:\/\/numeriquepourtous.fr\/wp-content\/uploads\/2021\/09\/facebook_media-sociaux-1024x538.jpg 1024w, https:\/\/numeriquepourtous.fr\/wp-content\/uploads\/2021\/09\/facebook_media-sociaux-300x158.jpg 300w, https:\/\/numeriquepourtous.fr\/wp-content\/uploads\/2021\/09\/facebook_media-sociaux-768x403.jpg 768w, https:\/\/numeriquepourtous.fr\/wp-content\/uploads\/2021\/09\/facebook_media-sociaux.jpg 1200w\" sizes=\"(max-width: 334px) 100vw, 334px\" \/><\/figure>\n\n\n\n<\/div>\n<div class=\"su-tabs-pane su-u-clearfix su-u-trim\" data-title=\"Cr\u00e9ation de sites Web\">\n\n\n\n<ul id=\"block-9e0d6a0c-a6f2-46d0-b4b0-c725b18fb171\"><li>Possibilit\u00e9 de cr\u00e9er des sites web pour des petits projets<\/li><li>H\u00e9bergement, gestion des noms de domaine, r\u00e9f\u00e9rencement<\/li><\/ul>\n\n\n\n<figure class=\"wp-block-image size-full is-resized\"><img loading=\"lazy\" src=\"https:\/\/numeriquepourtous.fr\/wp-content\/uploads\/2021\/09\/site-web.png\" alt=\"\" class=\"wp-image-315\" width=\"466\" height=\"241\" srcset=\"https:\/\/numeriquepourtous.fr\/wp-content\/uploads\/2021\/09\/site-web.png 778w, https:\/\/numeriquepourtous.fr\/wp-content\/uploads\/2021\/09\/site-web-300x155.png 300w, https:\/\/numeriquepourtous.fr\/wp-content\/uploads\/2021\/09\/site-web-768x398.png 768w\" sizes=\"(max-width: 466px) 100vw, 466px\" \/><\/figure>\n\n\n\n<\/div>\n<div class=\"su-tabs-pane su-u-clearfix su-u-trim\" data-title=\"Informatique musicale\">\n\n\n\n<ul id=\"block-1da50fc1-d0b5-43ce-8487-18defe515904\"><li>Connaitre les diff\u00e9rents instruments num\u00e9riques<\/li><li>Utilisation de s\u00e9quenceur, looper, DAW, VST<\/li><li>Synchronisation des instruments en Midi<\/li><li>Formation avanc\u00e9e sur Ableton Live<\/li><\/ul>\n\n\n\n<figure class=\"wp-block-image size-full is-resized\"><img loading=\"lazy\" src=\"https:\/\/numeriquepourtous.fr\/wp-content\/uploads\/2021\/09\/1058-ableton-studio.png\" alt=\"\" class=\"wp-image-312\" width=\"466\" height=\"262\" srcset=\"https:\/\/numeriquepourtous.fr\/wp-content\/uploads\/2021\/09\/1058-ableton-studio.png 900w, https:\/\/numeriquepourtous.fr\/wp-content\/uploads\/2021\/09\/1058-ableton-studio-300x169.png 300w, https:\/\/numeriquepourtous.fr\/wp-content\/uploads\/2021\/09\/1058-ableton-studio-768x432.png 768w\" sizes=\"(max-width: 466px) 100vw, 466px\" \/><\/figure>\n\n\n\n<\/div><\/div><\/div>\n","protected":false},"excerpt":{"rendered":"<p>Ces prestations sont destin\u00e9es aux particuliers sous forme d&#8217;assistance ou de cours individuels \u00e0 domicile, mais aussi aux structures sous forme d&#8217;ateliers ou de permanences (Mairies, \u00e9coles, EHPAD, centres sociaux, centres sp\u00e9cialis\u00e9s&#8230;) :<\/p>\n","protected":false},"author":1,"featured_media":0,"parent":0,"menu_order":0,"comment_status":"closed","ping_status":"closed","template":"","meta":[],"_links":{"self":[{"href":"https:\/\/numeriquepourtous.fr\/index.php?rest_route=\/wp\/v2\/pages\/104"}],"collection":[{"href":"https:\/\/numeriquepourtous.fr\/index.php?rest_route=\/wp\/v2\/pages"}],"about":[{"href":"https:\/\/numeriquepourtous.fr\/index.php?rest_route=\/wp\/v2\/types\/page"}],"author":[{"embeddable":true,"href":"https:\/\/numeriquepourtous.fr\/index.php?rest_route=\/wp\/v2\/users\/1"}],"replies":[{"embeddable":true,"href":"https:\/\/numeriquepourtous.fr\/index.php?rest_route=%2Fwp%2Fv2%2Fcomments&post=104"}],"version-history":[{"count":5,"href":"https:\/\/numeriquepourtous.fr\/index.php?rest_route=\/wp\/v2\/pages\/104\/revisions"}],"predecessor-version":[{"id":341,"href":"https:\/\/numeriquepourtous.fr\/index.php?rest_route=\/wp\/v2\/pages\/104\/revisions\/341"}],"wp:attachment":[{"href":"https:\/\/numeriquepourtous.fr\/index.php?rest_route=%2Fwp%2Fv2%2Fmedia&parent=104"}],"curies":[{"name":"wp","href":"https:\/\/api.w.org\/{rel}","templated":true}]}}